{"id":2033,"date":"2018-03-11T12:08:49","date_gmt":"2018-03-11T11:08:49","guid":{"rendered":"http:\/\/dise.org.pl\/?page_id=2033"},"modified":"2022-06-02T08:30:36","modified_gmt":"2022-06-02T06:30:36","slug":"polityka-prywatnosci","status":"publish","type":"page","link":"https:\/\/dise.org.pl\/kongres\/polityka-prywatnosci\/","title":{"rendered":"Polityka prywatno\u015bci"},"content":{"rendered":"<p>[vc_row][vc_column][vc_column_text]<\/p>\n<h2 style=\"text-align: center;\"><span style=\"color: #0951a6;\"><span style=\"color: #0054b2;\">Polityka prywatno\u015bci<\/span><strong><br \/>\n<\/strong><\/span><\/h2>\n<p>[\/vc_column_text][vc_separator color=&#8221;custom&#8221; border_width=&#8221;5&#8243; el_width=&#8221;10&#8243; accent_color=&#8221;#afdc13&#8243; css=&#8221;.vc_custom_1594814634553{padding-top: 10px !important;}&#8221;][\/vc_column][\/vc_row][vc_row][vc_column][vc_empty_space][\/vc_column][\/vc_row][vc_row][vc_column][vc_column_text]<\/p>\n<div class=\"entry-header\"><\/div>\n<div class=\"article-body\">\n<p>Podanie danych osobowych, a tak\u017ce zgoda na ich przetwarzanie s\u0105 ca\u0142kowicie dobrowolne. Wszystkie dane osobowe, kt\u00f3re zosta\u0142y nam przekazane s\u0105 przetwarzane wy\u0142\u0105cznie w zakresie i celu na jaki klient wyrazi\u0142 zgod\u0119.<\/p>\n<p>Prosimy pami\u0119ta\u0107, \u017ce masz prawo w ka\u017cdej chwili do aktualizacji lub usuni\u0119cia swoich danych osobowych.<\/p>\n<p>Zapewniamy, \u017ce nasza firma przestrzega polityki bezpiecze\u0144stwa danych osobowych. Twoje dane s\u0105 u nas bezpieczne i dok\u0142adamy wszelkich stara\u0144 aby poziom \u015bwiadczonych przez nas us\u0142ug by\u0142 na jak najwy\u017cszym poziomie i gwarantowa\u0142 jak najwi\u0119ksze bezpiecze\u0144stwo.<\/p>\n<p>Operatorem strony internetowej jest\u00a0Dolno\u015bl\u0105ski Instytut Studi\u00f3w Energetycznych, aleja Kasztanowa 3a-5, 53-125 Wroc\u0142aw.<\/p>\n<p><strong>Strona realizuje funkcje pozyskiwania informacji o u\u017cytkownikach i ich zachowaniu w nast\u0119puj\u0105cy spos\u00f3b:<\/strong><\/p>\n<ul>\n<li>Poprzez dobrowolnie wprowadzone w formularzach informacje.<\/li>\n<li>Poprzez dodatkowe zbieranie informacji o parametrach po\u0142\u0105czania (adres IP).<\/li>\n<li>Poprzez zapisywanie w urz\u0105dzeniach ko\u0144cowych plik\u00f3w &#8222;cookies&#8221;. Szczeg\u00f3\u0142y dzia\u0142ania plik\u00f3w &#8222;cookies&#8221; w naszym sklepie opisane s\u0105 w Informacji o cookies.<\/li>\n<\/ul>\n<p><strong>Ochrona Twoich danych osobowych<\/strong><\/p>\n<p>Dost\u0119p do Twoich danych osobowych maj\u0105 tylko pracownicy sklepu, kt\u00f3rzy zostali przeszkoleni zgodnie z polityk\u0105 bezpiecze\u0144stwa danych osobowych i podpisali stosowne zobowi\u0105zania zobowi\u0105zuj\u0105ce ich do ochrony. Zastosowali\u015bmy \u015brodki techniczne i organizacyjne zapewniaj\u0105ce ochron\u0119 przetwarzanych danych osobowych zgodnie z wymaganiami okre\u015blonymi w przepisach o ochronie danych osobowych.<\/p>\n<p><strong>Udost\u0119pnienie danych<\/strong><\/p>\n<ul>\n<li>Dane podlegaj\u0105 udost\u0119pnieniu podmiotom zewn\u0119trznym wy\u0142\u0105cznie w granicach prawnie dozwolonych.<\/li>\n<li>Dane umo\u017cliwiaj\u0105ce identyfikacj\u0119 osoby fizycznej s\u0105 udost\u0119pniane wy\u0142\u0105czenie za zgod\u0105 tej osoby.<\/li>\n<li>Operator mo\u017ce mie\u0107 obowi\u0105zek udzielania informacji zebranych przez sklep upowa\u017cnionym organom na podstawie zgodnych z prawem \u017c\u0105da\u0144 w zakresie wynikaj\u0105cym z \u017c\u0105dania.<\/li>\n<\/ul>\n<p><strong>Kontakt<\/strong><\/p>\n<p>Je\u017celi zachodzi taka potrzeba kontaktujemy si\u0119 z Tob\u0105 korzystaj\u0105c z podanego adresu e-mail. W przypadku w\u0105tpliwo\u015bci lub pyta\u0144 dotycz\u0105cych polityki prywatno\u015bci i bezpiecze\u0144stwa Twoich danych osobowych zach\u0119camy do kontaktu z nami.<\/p>\n<p><strong>Zmiana polityki prywatno\u015bci<\/strong><\/p>\n<p>Zastrzegamy sobie prawo zmiany polityki prywatno\u015bci, o ile b\u0119dzie wymaga\u0107 tego obowi\u0105zuj\u0105ce prawo, ulegn\u0105 zmianie warunki technologiczne funkcjonowania sklepu lub zmiana b\u0119dzie wprowadza\u0107 standard wy\u017cszy od minimum wymaganego prawem. O takiej zmianie powiadomimy Ci\u0119 drog\u0105 elektroniczn\u0105 (na wskazany przy rejestracji e-mail). Powiadomienie zostanie wys\u0142ane co najmniej na 30 dni przed wej\u015bciem w \u017cycie nowej polityki prywatno\u015bci.<\/p>\n<\/div>\n<p>[\/vc_column_text][\/vc_column][\/vc_row]<\/p>\n","protected":false},"excerpt":{"rendered":"<p>[vc_row][vc_column][vc_column_text] Polityka prywatno\u015bci [\/vc_column_text][vc_separator color=&#8221;custom&#8221; border_width=&#8221;5&#8243; el_width=&#8221;10&#8243; accent_color=&#8221;#afdc13&#8243; css=&#8221;.vc_custom_1594814634553{padding-top: 10px !important;}&#8221;][\/vc_column][\/vc_row][vc_row][vc_column][vc_empty_space][\/vc_column][\/vc_row][vc_row][vc_column][vc_column_text] Podanie danych osobowych, a tak\u017ce zgoda na ich przetwarzanie s\u0105 ca\u0142kowicie dobrowolne. Wszystkie dane osobowe, kt\u00f3re zosta\u0142y nam przekazane s\u0105 przetwarzane wy\u0142\u0105cznie w zakresie i celu na jaki klient wyrazi\u0142 zgod\u0119. Prosimy pami\u0119ta\u0107, \u017ce masz prawo w ka\u017cdej chwili do aktualizacji lub usuni\u0119cia swoich&hellip;<\/p>\n","protected":false},"author":3,"featured_media":0,"parent":0,"menu_order":0,"comment_status":"closed","ping_status":"closed","template":"","meta":[],"_links":{"self":[{"href":"https:\/\/dise.org.pl\/kongres\/wp-json\/wp\/v2\/pages\/2033"}],"collection":[{"href":"https:\/\/dise.org.pl\/kongres\/wp-json\/wp\/v2\/pages"}],"about":[{"href":"https:\/\/dise.org.pl\/kongres\/wp-json\/wp\/v2\/types\/page"}],"author":[{"embeddable":true,"href":"https:\/\/dise.org.pl\/kongres\/wp-json\/wp\/v2\/users\/3"}],"replies":[{"embeddable":true,"href":"https:\/\/dise.org.pl\/kongres\/wp-json\/wp\/v2\/comments?post=2033"}],"version-history":[{"count":7,"href":"https:\/\/dise.org.pl\/kongres\/wp-json\/wp\/v2\/pages\/2033\/revisions"}],"predecessor-version":[{"id":7587,"href":"https:\/\/dise.org.pl\/kongres\/wp-json\/wp\/v2\/pages\/2033\/revisions\/7587"}],"wp:attachment":[{"href":"https:\/\/dise.org.pl\/kongres\/wp-json\/wp\/v2\/media?parent=2033"}],"curies":[{"name":"wp","href":"https:\/\/api.w.org\/{rel}","templated":true}]}}