{"id":3830,"date":"2020-07-14T09:34:35","date_gmt":"2020-07-14T07:34:35","guid":{"rendered":"https:\/\/dise.energy\/kongres\/?page_id=3830"},"modified":"2023-09-25T12:54:23","modified_gmt":"2023-09-25T10:54:23","slug":"cookies","status":"publish","type":"page","link":"https:\/\/dise.org.pl\/kongres\/cookies\/","title":{"rendered":"Informacja o plikach cookies"},"content":{"rendered":"<p>[vc_row][vc_column][vc_column_text]<\/p>\n<h2 style=\"text-align: center;\"><span style=\"color: #0951a6;\"><span style=\"color: #0054b2;\">Informacja o plikach cookies<\/span><strong><br \/>\n<\/strong><\/span><\/h2>\n<p>[\/vc_column_text][vc_separator color=&#8221;custom&#8221; border_width=&#8221;5&#8243; el_width=&#8221;10&#8243; accent_color=&#8221;#afdc13&#8243; css=&#8221;.vc_custom_1594814540803{padding-top: 10px !important;}&#8221;][\/vc_column][\/vc_row][vc_row][vc_column][vc_empty_space][\/vc_column][\/vc_row][vc_row][vc_column][vc_column_text]<\/p>\n<div class=\"entry-header\"><\/div>\n<div class=\"article-body\">\n<div class=\"row\">\n<div id=\"sp-component\" class=\"col-sm-12 col-md-12\">\n<div class=\"sp-column \">\n<article class=\"item item-page\">\n<div class=\"article-body\">\n<p>Pliki \u201ecookies\u201d to dane informatyczne, w szczeg\u00f3lno\u015bci pliki tekstowe, przechowywane w urz\u0105dzeniach ko\u0144cowych u\u017cytkownik\u00f3w przeznaczone do korzystania ze stron internetowych. \u201eCookie\u201d jest ma\u0142ym plikiem sk\u0142adaj\u0105cym si\u0119 z liter i cyfr, kt\u00f3ry zostaje za\u0142adowany na komputer lub inne urz\u0105dzenie (np. dysk twardy komputera, telefon) podczas wizyty na stronie internetowej. Pozwala on na rozpoznanie u\u017cytkownika i pomaga stronie internetowej zapami\u0119ta\u0107 jego preferencje (np. wybrany j\u0119zyk) tak by u\u017cytkownik nie musia\u0142 ustawia\u0107 swoich preferencji za ka\u017cdym razem, kiedy korzysta z danej strony internetowej. Pliki \u201ecookies\u201d w naszym sklepie nie przechowuj\u0105 \u017cadnych danych osobowych i nie pozwalaj\u0105 na identyfikacj\u0119 danego klienta. Oprogramowanie strony zapisuje informacje w plikach \u201ecookies\u201d dotycz\u0105cych obszar\u00f3w:<\/p>\n<p><strong>Po stronie witryny s\u0105 wykorzystywane \u201ecookies\u201d<\/strong><\/p>\n<ul>\n<li>Informacje tworzenia statystyk. Tego typu cookie jest u\u017cywane do dostarczania wa\u017cnych informacji o ruchu na stronach oraz sposobie w jaki odwiedzaj\u0105cy j\u0105 wykorzystuj\u0105. Do zbierania tych danych u\u017cywane s\u0105 m.in. narz\u0119dzia Google Analytics. Te pliki cookie s\u0142u\u017c\u0105 wy\u0142\u0105cznie do zbierania statystyk dotycz\u0105cych ruchu na stronie oraz okre\u015blania profilu u\u017cytkownika w celu wy\u015bwietlania mu dopasowanych materia\u0142\u00f3w w sieciach reklamowych, w szczeg\u00f3lno\u015bci sieci Google.<\/li>\n<\/ul>\n<p><strong>W panelu zarz\u0105dzania s\u0105 wykorzystywane \u201ecookies\u201d<\/strong><\/p>\n<ul>\n<li>Tymczasowe \u201ecookie\u201d, kt\u00f3re istniej\u0105 na komputerze tylko podczas przebywania na danej stronie internetowej \u2013 dok\u0142adniej do czasu zamkni\u0119cia przegl\u0105darki i pozwalaj\u0105 na zalogowanie si\u0119 administratora do panelu zarz\u0105dzania.<\/li>\n<\/ul>\n<p><strong>Usuwanie plik\u00f3w \u201ecookies\u201d<\/strong><\/p>\n<p>Standardowo oprogramowanie s\u0142u\u017c\u0105ce do przegl\u0105dania stron internetowych (np Firefox, Internet Explorer, Chrome) domy\u015blnie dopuszcza umieszczanie plik\u00f3w \u201ecookies\u201d na urz\u0105dzeniu ko\u0144cowym. U\u017cytkownik mo\u017ce samodzielnie i w ka\u017cdym czasie zmieni\u0107 ustawienia dotycz\u0105ce plik\u00f3w \u201ecookies\u201d, okre\u015blaj\u0105c warunki ich przechowywania i uzyskiwania dost\u0119pu przez pliki \u201ecookies\u201d do urz\u0105dzenia u\u017cytkownika. Zmiany ustawie\u0144 u\u017cytkownik mo\u017ce dokona\u0107 za pomoc\u0105 ustawie\u0144 przegl\u0105darki internetowej. Ustawienia te mog\u0105 zosta\u0107 zmienione w szczeg\u00f3lno\u015bci w taki spos\u00f3b, aby blokowa\u0107 automatyczn\u0105 obs\u0142ug\u0119 plik\u00f3w \u201ecookies\u201d w ustawieniach przegl\u0105darki internetowej b\u0105d\u017a informowa\u0107 o ich ka\u017cdorazowym zamieszczeniu \u201ecookies\u201d na urz\u0105dzeniu u\u017cytkownika. Szczeg\u00f3\u0142owe informacje o mo\u017cliwo\u015bci i sposobach obs\u0142ugi plik\u00f3w \u201ecookies\u201d dost\u0119pne s\u0105 w ustawieniach oprogramowania (przegl\u0105darki internetowej).<\/p>\n<p><strong>Ograniczenia w zapisywaniu plik\u00f3w \u201ecookies\u201d<\/strong><\/p>\n<p>Je\u017celi nie zgadzasz si\u0119 na umieszczanie na swoim urz\u0105dzeniu plik\u00f3w cookies mo\u017cesz zablokowa\u0107 ich umieszczenie odpowiednio konfiguruj\u0105c swoja przegl\u0105dark\u0119 internetow\u0105. Informacje jak to zrobi\u0107 znajdziesz w plikach pomocy swojej przegl\u0105darki internetowej. Prosimy pami\u0119ta\u0107, \u017ce brak akceptacji niekt\u00f3rych lub wszystkich plik\u00f3w cookies mo\u017ce spowodowa\u0107 brak mo\u017cliwo\u015bci poprawnego korzystania ze strony lub ograniczenia jego funkcjonalno\u015bci.<\/p>\n<p><strong>Udost\u0119pnianie plik\u00f3w \u201ecookies\u201d<\/strong><\/p>\n<p>Pliki cookies zamieszczane w urz\u0105dzeniu ko\u0144cowym u\u017cytkownika mog\u0105 by\u0107 wykorzystywane r\u00f3wnie\u017c przez wsp\u00f3\u0142pracuj\u0105cych z operatorem reklamodawc\u00f3w oraz partner\u00f3w, a tak\u017ce mog\u0105 by\u0107 wykorzystane przez sieci reklamowe, w szczeg\u00f3lno\u015bci sie\u0107 Google, do wy\u015bwietlenia reklam dopasowanych do sposobu, w jaki u\u017cytkownik korzysta z witryny. W tym celu mog\u0105 zachowa\u0107 informacj\u0119 o \u015bcie\u017cce nawigacji u\u017cytkownika lub czasie pozostawania na danej stronie.<\/p>\n<\/div>\n<\/article>\n<\/div>\n<\/div>\n<\/div>\n<\/div>\n<p>[\/vc_column_text][\/vc_column][\/vc_row][vc_row][vc_column][vc_column_text]<\/p>\n<div class=\"cky-audit-table-element\"><\/div>\n<p>[\/vc_column_text][\/vc_column][\/vc_row]<\/p>\n","protected":false},"excerpt":{"rendered":"<p>[vc_row][vc_column][vc_column_text] Informacja o plikach cookies [\/vc_column_text][vc_separator color=&#8221;custom&#8221; border_width=&#8221;5&#8243; el_width=&#8221;10&#8243; accent_color=&#8221;#afdc13&#8243; css=&#8221;.vc_custom_1594814540803{padding-top: 10px !important;}&#8221;][\/vc_column][\/vc_row][vc_row][vc_column][vc_empty_space][\/vc_column][\/vc_row][vc_row][vc_column][vc_column_text] Pliki \u201ecookies\u201d to dane informatyczne, w szczeg\u00f3lno\u015bci pliki tekstowe, przechowywane w urz\u0105dzeniach ko\u0144cowych u\u017cytkownik\u00f3w przeznaczone do korzystania ze stron internetowych. \u201eCookie\u201d jest ma\u0142ym plikiem sk\u0142adaj\u0105cym si\u0119 z liter i cyfr, kt\u00f3ry zostaje za\u0142adowany na komputer lub inne urz\u0105dzenie (np. dysk twardy komputera,&hellip;<\/p>\n","protected":false},"author":3,"featured_media":0,"parent":0,"menu_order":0,"comment_status":"closed","ping_status":"closed","template":"","meta":[],"_links":{"self":[{"href":"https:\/\/dise.org.pl\/kongres\/wp-json\/wp\/v2\/pages\/3830"}],"collection":[{"href":"https:\/\/dise.org.pl\/kongres\/wp-json\/wp\/v2\/pages"}],"about":[{"href":"https:\/\/dise.org.pl\/kongres\/wp-json\/wp\/v2\/types\/page"}],"author":[{"embeddable":true,"href":"https:\/\/dise.org.pl\/kongres\/wp-json\/wp\/v2\/users\/3"}],"replies":[{"embeddable":true,"href":"https:\/\/dise.org.pl\/kongres\/wp-json\/wp\/v2\/comments?post=3830"}],"version-history":[{"count":4,"href":"https:\/\/dise.org.pl\/kongres\/wp-json\/wp\/v2\/pages\/3830\/revisions"}],"predecessor-version":[{"id":10335,"href":"https:\/\/dise.org.pl\/kongres\/wp-json\/wp\/v2\/pages\/3830\/revisions\/10335"}],"wp:attachment":[{"href":"https:\/\/dise.org.pl\/kongres\/wp-json\/wp\/v2\/media?parent=3830"}],"curies":[{"name":"wp","href":"https:\/\/api.w.org\/{rel}","templated":true}]}}