{"id":3832,"date":"2020-07-14T09:42:15","date_gmt":"2020-07-14T07:42:15","guid":{"rendered":"https:\/\/dise.energy\/kongres\/?page_id=3832"},"modified":"2022-06-02T08:31:47","modified_gmt":"2022-06-02T06:31:47","slug":"rodo","status":"publish","type":"page","link":"https:\/\/dise.org.pl\/kongres\/rodo\/","title":{"rendered":"Rodo"},"content":{"rendered":"<p>[vc_row][vc_column][vc_column_text]<\/p>\n<h2 style=\"text-align: center;\"><span style=\"color: #0951a6;\"><span style=\"color: #0054b2;\">Rodo<\/span><strong><br \/>\n<\/strong><\/span><\/h2>\n<p>[\/vc_column_text][vc_separator color=&#8221;custom&#8221; border_width=&#8221;5&#8243; el_width=&#8221;10&#8243; accent_color=&#8221;#afdc13&#8243; css=&#8221;.vc_custom_1594814568847{padding-top: 10px !important;}&#8221;][\/vc_column][\/vc_row][vc_row][vc_column][vc_empty_space][\/vc_column][\/vc_row][vc_row][vc_column][vc_column_text]<\/p>\n<p class=\"p1\"><span class=\"s1\">Dbamy o Pa\u0144stwa prywatno\u015b\u0107. Pa\u0144stwa dane s\u0105 u nas bezpieczne, a informacje w zakresie bezpiecze\u0144stwa danych osobowych w DISE mog\u0105 Pa\u0144stwo w ka\u017cdej chwili uzyska\u0107 na stronie www.dise.org.pl.<\/span><\/p>\n<p class=\"p1\"><span class=\"s1\">Poni\u017csza informacja przedstawiana jest w zwi\u0105zku z obowi\u0105zywaniem Rozporz\u0105dzenie Parlamentu Europejskiego i Rady (UE) 2016\/679 z dnia 27 kwietnia 2016 r. w sprawie ochrony os\u00f3b fizycznych w zwi\u0105zku z przetwarzaniem danych osobowych i w sprawie swobodnego przep\u0142ywu takich danych oraz uchylenia dyrektywy 95\/46\/WE (\u201e<b>RODO<\/b>\u201d).<\/span><\/p>\n<p class=\"p1\"><span class=\"s1\">W zwi\u0105zku z tym chcieliby\u015bmy poinformowa\u0107 Pa\u0144stwa o przetwarzaniu danych oraz zasadach, na jakich b\u0119dzie si\u0119 to odbywa\u0142o.<\/span><\/p>\n<p><span class=\"s1\"><b>1. Co to s\u0105 dane osobowe?<\/b><\/span><\/p>\n<p class=\"p1\"><span class=\"s1\">Informacje, kt\u00f3re Pa\u0144stwa identyfikuj\u0105 lub umo\u017cliwiaj\u0105 Pa\u0144stwa zidentyfikowanie np. imi\u0119, nazwisko, numer telefonu czy adres e-mail. W zwi\u0105zku ze swoj\u0105 dzia\u0142alno\u015bci\u0105 statutow\u0105 i dzia\u0142aniami marketingowymi, DISE gromadzi dane osobowe. <\/span><\/p>\n<p><span class=\"s1\"><b>2. Dane, kt\u00f3re przetwarzamy<\/b><\/span><\/p>\n<p class=\"p1\"><span class=\"s1\">Przetwarzamy Pa\u0144stwa nast\u0119puj\u0105ce dane:<\/span><\/p>\n<p class=\"p1\"><span class=\"s1\">\u2022 imi\u0119 i nazwisko; <\/span><\/p>\n<p class=\"p1\"><span class=\"s1\">\u2022 miejsce zatrudnienia; <\/span><\/p>\n<p class=\"p1\"><span class=\"s1\">\u2022 zajmowane stanowisko; <\/span><\/p>\n<p class=\"p1\"><span class=\"s1\">\u2022 adres siedziby pracodawcy; <\/span><\/p>\n<p class=\"p1\"><span class=\"s1\">\u2022 e-mail; <\/span><\/p>\n<p class=\"p1\"><span class=\"s1\">\u2022 nr telefonu; <\/span><\/p>\n<p class=\"p1\"><span class=\"s1\">Podanie przez Pa\u0144stwa danych osobowych jest dobrowolne.<\/span><\/p>\n<p class=\"p1\"><span class=\"s1\"><b>3. Kto jest odpowiedzialny za przetwarzanie danych osobowych i z kim mo\u017cna si\u0119 <\/b><\/span><\/p>\n<p class=\"p2\"><span class=\"s1\">Administratorem Pani\/Pana danych osobowych jest Dolno\u015bl\u0105ski Instytut Studi\u00f3w Energetycznych z siedzib\u0105 we Wroc\u0142awiu przy al. Kasztanowej 3a-5, zwany dalej Administratorem lub DISE.<\/span><\/p>\n<p class=\"p1\"><span class=\"s1\">We wszystkich sprawach dotycz\u0105cych przetwarzania danych osobowych oraz korzystania z praw zwi\u0105zanych z przetwarzaniem danych mo\u017cna si\u0119 kontaktowa\u0107 pod adresem e-mail: biuro@dise.org.pl<\/span><\/p>\n<p><span class=\"s1\"><b>4. Dlaczego przetwarzamy Pani\/Pana dane osobowe i na jakiej podstawie prawnej? Jaki jest cel przetwarzania danych osobowych?<\/b><\/span><\/p>\n<p class=\"p1\"><span class=\"s1\">Przetwarzanie danych osobowych odbywa si\u0119:<\/span><\/p>\n<ul class=\"ul1\">\n<li class=\"li1\"><span class=\"s1\">dla wype\u0142nienia zobowi\u0105za\u0144 umownych <\/span><span class=\"s3\">(art. 6 ust. 1 lit b RODO)<\/span><\/li>\n<li class=\"li1\"><span class=\"s1\">dla wype\u0142nienia obowi\u0105zk\u00f3w prawnych <\/span><span class=\"s3\">(art. 6 ust. 1 lit c RODO)<\/span><span class=\"s1\"> lub wykonywania zada\u0144 realizowanych w interesie publicznym <\/span><span class=\"s3\">(art. 6 ust. 1 lit. e RODO)<\/span><\/li>\n<li class=\"li1\"><span class=\"s1\">do cel\u00f3w wynikaj\u0105cych z prawnie uzasadnionych interes\u00f3w realizowanych przez DISE lub stron\u0119 trzeci\u0105 <\/span><span class=\"s3\">(art. 6 ust. 1 lit f RODO)<\/span><\/li>\n<\/ul>\n<p class=\"p1\"><span class=\"s1\">Je\u015bli zajdzie taka potrzeba, przetwarzamy dane, w celu ochrony prawnie uzasadnionych interes\u00f3w w\u0142asnych lub stron trzecich. Przyk\u0142adem takich aktywno\u015bci jest: przetwarzanie danych os\u00f3b dzia\u0142aj\u0105cych na rzecz klient\u00f3w, dochodzenie roszcze\u0144 oraz obron\u0119 przed roszczeniami.<\/span><\/p>\n<p><span class=\"s1\"><b>5. Komu mo\u017cemy przekazywa\u0107 dane osobowe?<\/b><\/span><\/p>\n<p class=\"p1\"><span class=\"s1\">Dane osobowe mog\u0105 by\u0107 udost\u0119pniane innym odbiorcom w celu wype\u0142nienia zobowi\u0105za\u0144 umownych, w celu wykonania ci\u0105\u017c\u0105cego na DISE obowi\u0105zku prawnego, w oparciu o Pa\u0144stwa zgod\u0119 lub dla cel\u00f3w wynikaj\u0105cych z prawnie uzasadnionych interes\u00f3w DISE lub strony trzeciej.<\/span><\/p>\n<p class=\"p1\"><span class=\"s1\">Odbiorcami mog\u0105 by\u0107 w szczeg\u00f3lno\u015bci: upowa\u017cnieni pracownicy DISE oraz firmy zewn\u0119trzne \u015bwiadcz\u0105ce na rzecz DISE us\u0142ugi wewn\u0119trzne (np. outsourcing IT).<\/span><\/p>\n<p class=\"p1\"><span class=\"s1\">Ponadto dane mog\u0105 by\u0107 przekazywane podmiotom przetwarzaj\u0105cym dane osobowe na zlecenie DISE i ich upowa\u017cnionym pracownikom, przy czym takie podmioty przetwarzaj\u0105 dane na podstawie umowy z DISE i wy\u0142\u0105cznie zgodnie z poleceniami DISE oraz pod warunkiem zachowania tajemnicy.<\/span><\/p>\n<p><span class=\"s1\"><b>6. Czy Pa\u0144stwa dane osobowe zostan\u0105 przes\u0142ane do pa\u0144stwa trzeciego (poza Uni\u0119 Europejsk\u0105)?<\/b><\/span><\/p>\n<p class=\"p1\"><span class=\"s1\">Dane osobowe przetwarzane przez DISE nie s\u0105 przekazywane do odbiorc\u00f3w w krajach spoza Unii Europejskiej (\u201e<b>pa\u0144stwa trzecie<\/b>\u201e). Mo\u017cliwe jest przekazywanie danych osobowych przez DISE do pa\u0144stwa trzeciego wy\u0142\u0105cznie, je\u017celi jest to niezb\u0119dne do wykonania cel\u00f3w wynikaj\u0105cych z prawnie uzasadnionych interes\u00f3w realizowanych przez DISE. Jakiekolwiek inne przekazanie danych do pa\u0144stwa trzeciego mo\u017ce mie\u0107 miejsce po uzyskaniu Pa\u0144stwa zgody.<\/span><\/p>\n<p class=\"p1\"><span class=\"s1\">Przys\u0142uguje Pa\u0144stwu, na wniosek z\u0142o\u017cony do DISE, kopia danych osobowych przekazywanych od pa\u0144stwa trzeciego.<\/span><\/p>\n<p><span class=\"s1\"><strong>7. Jak<\/strong><b> d\u0142ugo DISE b\u0119dzie przetwarza\u0142 (przechowywa\u0142) Pa\u0144stwa dane?<\/b><\/span><\/p>\n<p class=\"p1\"><span class=\"s1\">Dane osobowe b\u0119d\u0105 przetwarzane przez okres niezb\u0119dny do realizacji cel\u00f3w przetwarzania tj.:<\/span><\/p>\n<ul class=\"ul1\">\n<li class=\"li1\"><span class=\"s1\">w zakresie realizacji zawartej z DISE umowy \u2013 do czasu zako\u0144czenia jej realizacji, a po tym czasie przez okres wymagany przez przepisy prawa lub dla realizacji ewentualnych roszcze\u0144;<\/span><\/li>\n<li class=\"li1\"><span class=\"s1\">w zakresie wype\u0142niania zobowi\u0105za\u0144 prawnych ci\u0105\u017c\u0105cych na DISE, w zwi\u0105zku z prowadzeniem dzia\u0142alno\u015bci i realizacj\u0105 zawartych um\u00f3w \u2013 do czasu wype\u0142nienia tych obowi\u0105zk\u00f3w przez DISE;<\/span><\/li>\n<li class=\"li1\"><span class=\"s1\">w zakresie marketingu bezpo\u015bredniego realizowanego w oparciu o zgod\u0119 do czasu wycofania zgody na takie przetwarzanie;<\/span><\/li>\n<li class=\"li1\"><span class=\"s1\">do czasu wype\u0142nienia prawnie uzasadnionych interes\u00f3w DISE stanowi\u0105cych podstaw\u0119 tego przetwarzania lub do czasu wniesienia przez Pa\u0144stwa sprzeciwu wobec takiego przetwarzania, o ile nie wyst\u0119puj\u0105 prawnie uzasadnione podstawy dalszego przetwarzania danych.<\/span><\/li>\n<\/ul>\n<p><span class=\"s1\"><b>8. Jakie prawa przys\u0142uguj\u0105 Pa\u0144stwu w zwi\u0105zku z danymi osobowymi? <\/b><\/span><\/p>\n<p class=\"p1\"><span class=\"s1\">Maj\u0105 Pa\u0144stwo prawo do:<\/span><\/p>\n<ul class=\"ul1\">\n<li class=\"li1\"><span class=\"s1\">\u017c\u0105dania dost\u0119pu do swoich danych osobowych oraz prawo do ich sprostowania, ograniczenia przetwarzania danych osobowych lub do ich usuni\u0119cia;<\/span><\/li>\n<li class=\"li1\"><span class=\"s1\">w zakresie, w jakim podstaw\u0105 przetwarzania danych osobowych jest zgoda, maj\u0105 Pa\u0144stwo prawo wycofania w dowolnym momencie udzielonej wcze\u015bniej zgody na przetwarzanie danych osobowych;<\/span><\/li>\n<li class=\"li1\"><span class=\"s1\">wniesienia w dowolnym momencie sprzeciwu wobec przetwarzania danych osobowych: <\/span>\n<ul class=\"ul1\">\n<li class=\"li1\"><span class=\"s1\">z przyczyn zwi\u0105zanych z Pa\u0144stwa szczeg\u00f3ln\u0105 sytuacj\u0105, gdy DISE przetwarza dane do cel\u00f3w wynikaj\u0105cych z prawnie uzasadnionych interes\u00f3w (art. 21 ust. 1 RODO),<\/span><\/li>\n<li class=\"li1\"><span class=\"s1\">w celach zwi\u0105zanych z marketingiem bezpo\u015brednim, w tym wobec profilowania w celach marketingowych w zakresie, w jakim przetwarzanie Pa\u0144stwa danych jest zwi\u0105zane z marketingiem bezpo\u015brednim (art. 21 ust. 2 RODO);<\/span><\/li>\n<\/ul>\n<\/li>\n<li class=\"li1\"><span class=\"s1\">\u017c\u0105dania przeniesienia danych osobowych, przetwarzanych w spos\u00f3b zautomatyzowany w celu zawarcia i wykonywania umowy lub na podstawie zgody. Przeniesienie polega na otrzymaniu od DISE Pa\u0144stwa danych osobowych, w ustrukturyzowanym, powszechnie u\u017cywanym formacie nadaj\u0105cym si\u0119 do odczytu maszynowego i przes\u0142aniu takich danych innemu administratorowi danych;<\/span><\/li>\n<li class=\"li1\"><span class=\"s1\">Maj\u0105 Pa\u0144stwo prawo wniesienia skargi do organu nadzorczego zajmuj\u0105cego si\u0119 ochron\u0105 danych osobowych, kt\u00f3rym jest Prezes Urz\u0119du Ochrony Danych Osobowych, gdy uznaj\u0105 Pa\u0144stwo, i\u017c przetwarzanie Pa\u0144stwa danych osobowych narusza przepisy ustawy z dnia 10 maja 2018 r. o ochronie danych osobowych (tekst jednolity Dz. U. z 2018 r., poz. 1000) lub przepisy Rozporz\u0105dzenia Parlamentu Europejskiego i Rady (UE) 2016\/679 z dnia 27 kwietnia 2016 r. w sprawie ochrony os\u00f3b fizycznych w zwi\u0105zku z przetwarzaniem danych osobowych i w sprawie swobodnego przep\u0142ywu takich danych oraz uchylenia dyrektywy 95\/46\/WE (og\u00f3lne rozporz\u0105dzenie o ochronie danych) z dnia 27 kwietnia 2016 r. (Dz.Urz.UE.L Nr 119, str. 1);<\/span><\/li>\n<\/ul>\n<p><span class=\"s1\"><b>9. Sk\u0105d pozyskujemy Pa\u0144stwa dane osobowe i jakie s\u0105 ich kategorie?<\/b><\/span><\/p>\n<p class=\"p1\"><span class=\"s1\">Przede wszystkim gromadzone przez DISE dane osobowe pochodz\u0105 bezpo\u015brednio od Pa\u0144stwa (cz\u0142onkowie, klienci, pracownicy, wsp\u00f3\u0142pracownicy, osoby, kt\u00f3re pozostawi\u0142y do siebie kontakt w korespondencji email lub poprzez pozostawienie wizyt\u00f3wki, osoby odwiedzaj\u0105ce biuro DISE, uczestnicy wydarze\u0144). DISE przetwarza tak\u017ce pewne kategorie danych osobowych, kt\u00f3re nie zosta\u0142y uzyskane bezpo\u015brednio od Pa\u0144stwa.<\/span><\/p>\n<p>[\/vc_column_text][\/vc_column][\/vc_row]<\/p>\n","protected":false},"excerpt":{"rendered":"<p>[vc_row][vc_column][vc_column_text] Rodo [\/vc_column_text][vc_separator color=&#8221;custom&#8221; border_width=&#8221;5&#8243; el_width=&#8221;10&#8243; accent_color=&#8221;#afdc13&#8243; css=&#8221;.vc_custom_1594814568847{padding-top: 10px !important;}&#8221;][\/vc_column][\/vc_row][vc_row][vc_column][vc_empty_space][\/vc_column][\/vc_row][vc_row][vc_column][vc_column_text] Dbamy o Pa\u0144stwa prywatno\u015b\u0107. Pa\u0144stwa dane s\u0105 u nas bezpieczne, a informacje w zakresie bezpiecze\u0144stwa danych osobowych w DISE mog\u0105 Pa\u0144stwo w ka\u017cdej chwili uzyska\u0107 na stronie www.dise.org.pl. Poni\u017csza informacja przedstawiana jest w zwi\u0105zku z obowi\u0105zywaniem Rozporz\u0105dzenie Parlamentu Europejskiego i Rady (UE) 2016\/679 z dnia&hellip;<\/p>\n","protected":false},"author":3,"featured_media":0,"parent":0,"menu_order":0,"comment_status":"closed","ping_status":"closed","template":"","meta":[],"_links":{"self":[{"href":"https:\/\/dise.org.pl\/kongres\/wp-json\/wp\/v2\/pages\/3832"}],"collection":[{"href":"https:\/\/dise.org.pl\/kongres\/wp-json\/wp\/v2\/pages"}],"about":[{"href":"https:\/\/dise.org.pl\/kongres\/wp-json\/wp\/v2\/types\/page"}],"author":[{"embeddable":true,"href":"https:\/\/dise.org.pl\/kongres\/wp-json\/wp\/v2\/users\/3"}],"replies":[{"embeddable":true,"href":"https:\/\/dise.org.pl\/kongres\/wp-json\/wp\/v2\/comments?post=3832"}],"version-history":[{"count":5,"href":"https:\/\/dise.org.pl\/kongres\/wp-json\/wp\/v2\/pages\/3832\/revisions"}],"predecessor-version":[{"id":7588,"href":"https:\/\/dise.org.pl\/kongres\/wp-json\/wp\/v2\/pages\/3832\/revisions\/7588"}],"wp:attachment":[{"href":"https:\/\/dise.org.pl\/kongres\/wp-json\/wp\/v2\/media?parent=3832"}],"curies":[{"name":"wp","href":"https:\/\/api.w.org\/{rel}","templated":true}]}}